{"id":3,"date":"2023-04-28T03:32:41","date_gmt":"2023-04-28T03:32:41","guid":{"rendered":"https:\/\/tugrisan.es\/?page_id=3"},"modified":"2023-10-03T21:13:40","modified_gmt":"2023-10-03T21:13:40","slug":"politica-de-privacidad","status":"publish","type":"page","link":"https:\/\/tugrisan.es\/es\/politica-de-privacidad\/","title":{"rendered":"Pol\u00edtica de privacidad"},"content":{"rendered":"\t\t<div data-elementor-type=\"wp-page\" data-elementor-id=\"3\" class=\"elementor elementor-3\">\n\t\t\t\t\t\t\t\t\t<section class=\"elementor-section elementor-top-section elementor-element elementor-element-6848584 elementor-section-height-min-height elementor-section-boxed elementor-section-height-default elementor-section-items-middle\" data-id=\"6848584\" data-element_type=\"section\" data-settings=\"{&quot;background_background&quot;:&quot;gradient&quot;}\">\n\t\t\t\t\t\t<div class=\"elementor-container elementor-column-gap-default\">\n\t\t\t\t\t<div class=\"elementor-column elementor-col-100 elementor-top-column elementor-element elementor-element-f82d232\" data-id=\"f82d232\" data-element_type=\"column\">\n\t\t\t<div class=\"elementor-widget-wrap elementor-element-populated\">\n\t\t\t\t\t\t\t\t<div class=\"elementor-element elementor-element-6dda93f elementor-widget elementor-widget-heading\" data-id=\"6dda93f\" data-element_type=\"widget\" data-widget_type=\"heading.default\">\n\t\t\t\t<div class=\"elementor-widget-container\">\n\t\t\t<style>\/*! elementor - v3.13.3 - 28-05-2023 *\/\n.elementor-heading-title{padding:0;margin:0;line-height:1}.elementor-widget-heading .elementor-heading-title[class*=elementor-size-]>a{color:inherit;font-size:inherit;line-height:inherit}.elementor-widget-heading .elementor-heading-title.elementor-size-small{font-size:15px}.elementor-widget-heading .elementor-heading-title.elementor-size-medium{font-size:19px}.elementor-widget-heading .elementor-heading-title.elementor-size-large{font-size:29px}.elementor-widget-heading .elementor-heading-title.elementor-size-xl{font-size:39px}.elementor-widget-heading .elementor-heading-title.elementor-size-xxl{font-size:59px}<\/style><h1 class=\"elementor-heading-title elementor-size-default\">Pol\u00edtica de privacidad<\/h1>\t\t<\/div>\n\t\t\t\t<\/div>\n\t\t\t\t\t<\/div>\n\t\t<\/div>\n\t\t\t\t\t\t\t<\/div>\n\t\t<\/section>\n\t\t\t\t<section class=\"elementor-section elementor-top-section elementor-element elementor-element-2a10d0d elementor-section-boxed elementor-section-height-default elementor-section-height-default\" data-id=\"2a10d0d\" data-element_type=\"section\">\n\t\t\t\t\t\t<div class=\"elementor-container elementor-column-gap-default\">\n\t\t\t\t\t<div class=\"elementor-column elementor-col-100 elementor-top-column elementor-element elementor-element-265d5cbf\" data-id=\"265d5cbf\" data-element_type=\"column\">\n\t\t\t<div class=\"elementor-widget-wrap elementor-element-populated\">\n\t\t\t\t\t\t\t\t<div class=\"elementor-element elementor-element-5922bd41 elementor-widget elementor-widget-text-editor\" data-id=\"5922bd41\" data-element_type=\"widget\" data-widget_type=\"text-editor.default\">\n\t\t\t\t<div class=\"elementor-widget-container\">\n\t\t\t<style>\/*! elementor - v3.13.3 - 28-05-2023 *\/\n.elementor-widget-text-editor.elementor-drop-cap-view-stacked .elementor-drop-cap{background-color:#69727d;color:#fff}.elementor-widget-text-editor.elementor-drop-cap-view-framed .elementor-drop-cap{color:#69727d;border:3px solid;background-color:transparent}.elementor-widget-text-editor:not(.elementor-drop-cap-view-default) .elementor-drop-cap{margin-top:8px}.elementor-widget-text-editor:not(.elementor-drop-cap-view-default) .elementor-drop-cap-letter{width:1em;height:1em}.elementor-widget-text-editor .elementor-drop-cap{float:left;text-align:center;line-height:1;font-size:50px}.elementor-widget-text-editor .elementor-drop-cap-letter{display:inline-block}<\/style>\t\t\t\t<p><b>1.- \u00bfQui\u00e9n es el responsable del tratamiento de sus datos?\u00a0<\/b><\/p><p>\u00a0<\/p><p><span style=\"font-weight: 400;\">El responsable del tratamiento de sus datos personales es <\/span><b>Tugrisan SL,<\/b><span style=\"font-weight: 400;\"> (en adelante, \u201cLA EMPRESA\u201d), con N.I.F. B46292439 y domicilio social en Senda de les Deu, 4, Pol. Ind. Rafelbunyol, 46138, Rafelbunyol (Valencia).<\/span><\/p><p>\u00a0<\/p><p><span style=\"font-weight: 400;\">La titularidad de este sitio Web (en adelante, el \u201c<\/span><b><i>Sitio Web<\/i><\/b><span style=\"font-weight: 400;\">\u201d) es de LA EMPRESA.<\/span><\/p><p>\u00a0<\/p><p><span style=\"font-weight: 400;\">El acceso y\/o uso del sitio web, le atribuye la condici\u00f3n de Usuario del mismo e implica la aceptaci\u00f3n, desde dicho acceso y\/o uso, de la presente Pol\u00edtica de Privacidad.<\/span><\/p><p>\u00a0<\/p><p><span style=\"font-weight: 400;\">El Usuario podr\u00e1 contactar con LA EMPRESA en la siguiente direcci\u00f3n de correo electr\u00f3nico: tgs@tugrisan.com o al n\u00famero de tel\u00e9fono: 961411632\u00a0<\/span><\/p><p>\u00a0<\/p><p><b>2.- \u00bfPor qu\u00e9 LA EMPRESA est\u00e1 legitimada para llevar a cabo el tratamiento de datos?<\/b><\/p><p>\u00a0<\/p><p><span style=\"font-weight: 400;\">LA EMPRESA se encuentra legitimada para el tratamiento de sus datos para poder llevar a cabo la prestaci\u00f3n de sus servicios.<\/span><\/p><p>\u00a0<\/p><p><span style=\"font-weight: 400;\">La informaci\u00f3n personal se conserva de forma segura y se trata con el m\u00e1ximo cuidado.\u00a0<\/span><\/p><p>\u00a0<\/p><p><span style=\"font-weight: 400;\">La presente Pol\u00edtica de Privacidad regula el acceso y el uso al servicio (en adelante, el \u201c<\/span><b><i>Servicio<\/i><\/b><span style=\"font-weight: 400;\">\u201d) que LA EMPRESA pone a disposici\u00f3n del Usuario interesado en los servicios y Contenidos alojados en el sitio web.<\/span><\/p><p>\u00a0<\/p><p><span style=\"font-weight: 400;\">El Usuario podr\u00e1 retirar su consentimiento en cualquier momento mandando un mensaje a la direcci\u00f3n de correo electr\u00f3nico tgs@tugrisan.com, sin que ello afecte a la licitud del tratamiento basado en el consentimiento previo a su retirada.<\/span><\/p><p>\u00a0<\/p><p><b>3.- \u00bfCu\u00e1les son las<\/b> <b>finalidades del tratamiento de sus datos de car\u00e1cter personal por parte de LA EMPRESA?<\/b><\/p><p>\u00a0<\/p><p><span style=\"font-weight: 400;\">En base al consentimiento otorgado en el formulario de registro correspondiente, estos datos de car\u00e1cter personal podr\u00e1n ser utilizados para las siguientes finalidades:<\/span><\/p><ul><li style=\"font-weight: 400;\" aria-level=\"1\"><span style=\"font-weight: 400;\">La prestaci\u00f3n de los servicios ofrecidos a trav\u00e9s del sitio web.<\/span><\/li><li style=\"font-weight: 400;\" aria-level=\"1\"><span style=\"font-weight: 400;\">El env\u00edo de comunicaciones comerciales perfiladas y\/o <\/span><i><span style=\"font-weight: 400;\">Newsletter<\/span><\/i><span style=\"font-weight: 400;\"> por parte de LA EMPRESA. De este modo, si as\u00ed lo ha consentido el Usuario, sus datos personales podr\u00e1n ser utilizados para enviarle por carta, tel\u00e9fono, correo electr\u00f3nico, SMS\/MMS, o por otros medios de comunicaci\u00f3n electr\u00f3nica equivalentes, comunicaciones comerciales y\/o Newsletter.<\/span><\/li><\/ul><p>\u00a0<\/p><p><b>4.- Veracidad de los datos facilitados por los Usuarios y datos de menores<\/b><\/p><p>\u00a0<\/p><p><span style=\"font-weight: 400;\">El Usuario garantiza que los datos personales facilitados son veraces y se compromete a comunicar a LA EMPRESA cualquier modificaci\u00f3n de estos. El Usuario responder\u00e1, en cualquier caso, de la veracidad de los datos facilitados, reserv\u00e1ndose LA EMPRESA el derecho a excluir de los Servicios registrados a todo Usuario que haya facilitado datos falsos, sin perjuicio de las dem\u00e1s acciones que procedan en Derecho.<\/span><\/p><p>\u00a0<\/p><p><span style=\"font-weight: 400;\">En algunos casos pueden encontrarse campos marcados con un asterisco (*) en los formularios de registro a cumplimentar por el Usuario, estos campos son estrictamente necesarios, siendo voluntaria la inclusi\u00f3n de datos en los campos restantes<\/span><span style=\"font-weight: 400;\">.<\/span><\/p><p>\u00a0<\/p><p><b>5.-Conservaci\u00f3n de los datos<\/b><\/p><p>\u00a0<\/p><p><span style=\"font-weight: 400;\">Los datos personales proporcionados se conservar\u00e1n por parte de LA EMPRESA mientras el Usuario no manifieste su voluntad de darse de baja de los servicios de LA EMPRESA. Posteriormente, en caso de ser necesario y para atender las posibles responsabilidades que se pudieran derivar del tratamiento de los datos o de las actividades de los usuarios, LA EMPRESA mantendr\u00e1 la informaci\u00f3n bloqueada los plazos legalmente establecidos.<\/span><\/p><p>\u00a0<\/p><p><b>6.- Derechos del Usuario en relaci\u00f3n con sus datos<\/b><\/p><p>\u00a0<\/p><p><span style=\"font-weight: 400;\">El Usuario tiene derecho a\u00a0<\/span><\/p><p><br \/><b><\/b><\/p><ul><li aria-level=\"1\"><span style=\"font-weight: 400;\">Acceder a sus datos personales.<\/span><\/li><\/ul><ul><li aria-level=\"1\"><span style=\"font-weight: 400;\">Solicitar la rectificaci\u00f3n de los datos inexactos<\/span><\/li><\/ul><ul><li aria-level=\"1\"><span style=\"font-weight: 400;\">Solicitar su supresi\u00f3n<\/span><\/li><\/ul><ul><li aria-level=\"1\"><span style=\"font-weight: 400;\">Solicitar la limitaci\u00f3n del tratamiento de sus datos<\/span><\/li><\/ul><ul><li aria-level=\"1\"><span style=\"font-weight: 400;\">Oponerse al tratamiento de sus datos.<\/span><\/li><\/ul><ul><li aria-level=\"1\"><span style=\"font-weight: 400;\">Solicitar su portabilidad.<\/span><\/li><\/ul><ul><li aria-level=\"1\"><span style=\"font-weight: 400;\">No ser objeto de decisiones individuales automatizadas.\u00a0<\/span><\/li><\/ul><p>\u00a0<\/p><p><span style=\"font-weight: 400;\">El Usuario puede ejercer todos estos derechos en la siguiente direcci\u00f3n de email tgs@tugrisan.com i<\/span><a href=\"about:blank\"><span style=\"font-weight: 400;\">mailto:<\/span><\/a><span style=\"font-weight: 400;\">ndicando el motivo de su petici\u00f3n y aportando una copia de su D.N.I.<\/span><\/p><p>\u00a0<\/p><p><span style=\"font-weight: 400;\">El Usuario puede tambi\u00e9n enviar su petici\u00f3n por correo ordinario a la siguiente direcci\u00f3n:\u00a0<\/span><\/p><p><b>Tugrisan SL <\/b><span style=\"font-weight: 400;\">(B46292439)<\/span><\/p><p><span style=\"font-weight: 400;\">\u00a0Senda de les Deu, 4, Pol. Ind. Rafelbunyol, 46138, Rafelbunyol (Valencia)<\/span><\/p><p><span style=\"font-weight: 400;\">Sin perjuicio de cualquier otro recurso administrativo o acci\u00f3n judicial, el Usuario tendr\u00e1 derecho a presentar una reclamaci\u00f3n ante una Autoridad de Control, en particular en el Estado miembro en el que tenga su residencia habitual, lugar de trabajo o lugar de la supuesta infracci\u00f3n, en caso de que considere que el tratamiento de sus datos personales no es adecuado a la normativa, as\u00ed como en el caso de no ver satisfecho el ejercicio de sus derechos. La autoridad de control ante la que se haya presentado la reclamaci\u00f3n informar\u00e1 al reclamante sobre el curso y el resultado de la reclamaci\u00f3n.<\/span><\/p><p><b>7.- Seguridad de los datos<\/b><\/p><p>\u00a0<\/p><p><span style=\"font-weight: 400;\">LA EMPRESA hace todo lo que est\u00e1 en su mano para impedir que sus datos se utilicen de forma inadecuada, permitiendo el acceso a los mismo \u00fanicamente a personal autorizado.<\/span><\/p><p>\u00a0<\/p><p><span style=\"font-weight: 400;\">LA EMPRESA mantiene los niveles de seguridad de protecci\u00f3n de datos personales conforme a la normativa aplicable estableciendo todos los medios t\u00e9cnicos a su alcance para evitar la p\u00e9rdida, mal uso, alteraci\u00f3n, acceso no autorizado y robo de los datos que el Usuario facilite a trav\u00e9s del sitio web sin perjuicio de informarle de que las medidas de seguridad en Internet no son inexpugnables.<\/span><\/p><p>\u00a0<\/p><p><span style=\"font-weight: 400;\">Asimismo, LA EMPRESA se compromete a cumplir con el deber de secreto y confidencialidad respecto de los datos personales de acuerdo con la legislaci\u00f3n aplicable, as\u00ed como a conferirles un tratamiento seguro en las cesiones y transferencias internacionales de datos que, en su caso, puedan producirse.<\/span><\/p><p>\u00a0<\/p><p><span style=\"font-weight: 400;\">En aquellos servicios del sitio web que precisen registrarse como Usuario, se deber\u00e1 elegir una contrase\u00f1a. La confidencialidad de la contrase\u00f1a es responsabilidad del USUARIO, as\u00ed como de todas las actividades que ocurran en la sesi\u00f3n iniciada con su nombre y contrase\u00f1a.<\/span><\/p><p>\u00a0<\/p><p><span style=\"font-weight: 400;\">El Usuario se compromete a notificar LA EMPRESA a la mayor brevedad el uso no autorizado de su nombre de Usuario y\/o contrase\u00f1a o cualquier otro fallo en la seguridad. LA EMPRESA no ser\u00e1 responsable por los da\u00f1os o p\u00e9rdidas que se pudieran originar debido al no cumplimiento de esta obligaci\u00f3n por parte del Usuario.<\/span><\/p><p>\u00a0<\/p><p><b>8.- Revisi\u00f3n de la Pol\u00edtica de Privacidad<\/b><\/p><p>\u00a0<\/p><p><span style=\"font-weight: 400;\">LA EMPRESA se reserva el derecho de revisar su Pol\u00edtica de Privacidad en el momento que considere oportuno. Por esta raz\u00f3n, le rogamos que compruebe de forma regular esta Pol\u00edtica de Privacidad para leer la versi\u00f3n m\u00e1s reciente de la misma.\u00a0<\/span><\/p><p>\u00a0<\/p><p><span style=\"font-weight: 400;\">No obstante, cualquier cambio que se produzca en la presente Pol\u00edtica de Privacidad se comunicar\u00e1 al Usuario.<\/span><\/p><p>\u00a0<\/p><p><b>9.- Links a p\u00e1ginas web<\/b><\/p><p>\u00a0<\/p><p><span style=\"font-weight: 400;\">El sitio web de LA EMPRESA podr\u00eda contener links a p\u00e1ginas web de compa\u00f1\u00edas y entidades de terceros. LA EMPRESA no puede hacerse responsable de la forma en la que estas compa\u00f1\u00edas tratan la protecci\u00f3n de la privacidad y de los datos personales, por lo que le aconsejamos que lea detenidamente las declaraciones de Pol\u00edtica de Privacidad de estas p\u00e1ginas web que no son propiedad de LA EMPRESA con relaci\u00f3n al uso, procesamiento y protecci\u00f3n de datos personales.\u00a0<\/span><\/p><p>\u00a0<\/p><p><span style=\"font-weight: 400;\">Las condiciones que ofrecen estas p\u00e1ginas web pueden no ser las mismas que las que ofrece LA EMPRESA.<\/span><\/p><p>\u00a0<\/p><p><b>10.- Preguntas<\/b><\/p><p>\u00a0<\/p><p><span style=\"font-weight: 400;\">Si tienen alguna pregunta sobre esta Pol\u00edtica de Privacidad o el tratamiento de sus datos rogamos que se ponga en contacto con LA EMPRESA mediante correo electr\u00f3nico dirigido a la siguiente direcci\u00f3n de correo electr\u00f3nico: tgs@tugrisan.com o al n\u00famero de tel\u00e9fono: 961411632<\/span><\/p><p>\u00a0<\/p><p><b>11.- Aceptaci\u00f3n y Consentimiento<\/b><span style=\"font-weight: 400;\">.<\/span><\/p><p>\u00a0<\/p><p><span style=\"font-weight: 400;\">El Usuario acepta y consiente el tratamiento de estos datos por parte de LA EMPRESA, en la forma y para las finalidades que se indican en la Pol\u00edtica de Privacidad y declara haber sido informado de las condiciones sobre protecci\u00f3n de datos personales.<\/span><\/p>\t\t\t\t\t\t<\/div>\n\t\t\t\t<\/div>\n\t\t\t\t\t<\/div>\n\t\t<\/div>\n\t\t\t\t\t\t\t<\/div>\n\t\t<\/section>\n\t\t\t\t\t\t\t<\/div>\n\t\t","protected":false},"excerpt":{"rendered":"<p>Pol\u00edtica de privacidad 1.- \u00bfQui\u00e9n es el responsable del tratamiento de sus datos?\u00a0 \u00a0 El responsable del tratamiento de sus datos personales es Tugrisan SL, (en adelante, \u201cLA EMPRESA\u201d), con N.I.F. B46292439 y domicilio social en Senda de les Deu, 4, Pol. Ind. Rafelbunyol, 46138, Rafelbunyol (Valencia). \u00a0 La titularidad de este sitio Web (en [&hellip;]<\/p>\n","protected":false},"author":1,"featured_media":0,"parent":0,"menu_order":0,"comment_status":"closed","ping_status":"closed","template":"","meta":{"footnotes":""},"_links":{"self":[{"href":"https:\/\/tugrisan.es\/es\/wp-json\/wp\/v2\/pages\/3"}],"collection":[{"href":"https:\/\/tugrisan.es\/es\/wp-json\/wp\/v2\/pages"}],"about":[{"href":"https:\/\/tugrisan.es\/es\/wp-json\/wp\/v2\/types\/page"}],"author":[{"embeddable":true,"href":"https:\/\/tugrisan.es\/es\/wp-json\/wp\/v2\/users\/1"}],"replies":[{"embeddable":true,"href":"https:\/\/tugrisan.es\/es\/wp-json\/wp\/v2\/comments?post=3"}],"version-history":[{"count":11,"href":"https:\/\/tugrisan.es\/es\/wp-json\/wp\/v2\/pages\/3\/revisions"}],"predecessor-version":[{"id":1385,"href":"https:\/\/tugrisan.es\/es\/wp-json\/wp\/v2\/pages\/3\/revisions\/1385"}],"wp:attachment":[{"href":"https:\/\/tugrisan.es\/es\/wp-json\/wp\/v2\/media?parent=3"}],"curies":[{"name":"wp","href":"https:\/\/api.w.org\/{rel}","templated":true}]}}