{"id":643,"date":"2023-05-15T15:45:45","date_gmt":"2023-05-15T15:45:45","guid":{"rendered":"https:\/\/tugrisan.es\/?page_id=643"},"modified":"2023-10-03T20:46:15","modified_gmt":"2023-10-03T20:46:15","slug":"aviso-legal","status":"publish","type":"page","link":"https:\/\/tugrisan.es\/en\/aviso-legal\/","title":{"rendered":"Aviso legal"},"content":{"rendered":"<div data-elementor-type=\"wp-page\" data-elementor-id=\"643\" class=\"elementor elementor-643\">\n\t\t\t\t\t\t\t\t\t<section class=\"elementor-section elementor-top-section elementor-element elementor-element-f2b69bc elementor-section-height-min-height elementor-section-boxed elementor-section-height-default elementor-section-items-middle\" data-id=\"f2b69bc\" data-element_type=\"section\" data-settings=\"{&quot;background_background&quot;:&quot;gradient&quot;}\">\n\t\t\t\t\t\t<div class=\"elementor-container elementor-column-gap-default\">\n\t\t\t\t\t<div class=\"elementor-column elementor-col-100 elementor-top-column elementor-element elementor-element-2e823b0\" data-id=\"2e823b0\" data-element_type=\"column\">\n\t\t\t<div class=\"elementor-widget-wrap elementor-element-populated\">\n\t\t\t\t\t\t\t\t<div class=\"elementor-element elementor-element-2e9ebfe elementor-widget elementor-widget-heading\" data-id=\"2e9ebfe\" data-element_type=\"widget\" data-widget_type=\"heading.default\">\n\t\t\t\t<div class=\"elementor-widget-container\">\n\t\t\t<style>\/*! elementor - v3.13.3 - 28-05-2023 *\/\n.elementor-heading-title{padding:0;margin:0;line-height:1}.elementor-widget-heading .elementor-heading-title[class*=elementor-size-]>a{color:inherit;font-size:inherit;line-height:inherit}.elementor-widget-heading .elementor-heading-title.elementor-size-small{font-size:15px}.elementor-widget-heading .elementor-heading-title.elementor-size-medium{font-size:19px}.elementor-widget-heading .elementor-heading-title.elementor-size-large{font-size:29px}.elementor-widget-heading .elementor-heading-title.elementor-size-xl{font-size:39px}.elementor-widget-heading .elementor-heading-title.elementor-size-xxl{font-size:59px}<\/style><h1 class=\"elementor-heading-title elementor-size-default\">aviso legal<\/h1>\t\t<\/div>\n\t\t\t\t<\/div>\n\t\t\t\t\t<\/div>\n\t\t<\/div>\n\t\t\t\t\t\t\t<\/div>\n\t\t<\/section>\n\t\t\t\t<section class=\"elementor-section elementor-top-section elementor-element elementor-element-a7bf8a2 elementor-section-boxed elementor-section-height-default elementor-section-height-default\" data-id=\"a7bf8a2\" data-element_type=\"section\">\n\t\t\t\t\t\t<div class=\"elementor-container elementor-column-gap-default\">\n\t\t\t\t\t<div class=\"elementor-column elementor-col-100 elementor-top-column elementor-element elementor-element-4c49fca\" data-id=\"4c49fca\" data-element_type=\"column\">\n\t\t\t<div class=\"elementor-widget-wrap elementor-element-populated\">\n\t\t\t\t\t\t\t\t<div class=\"elementor-element elementor-element-5410146 elementor-widget elementor-widget-text-editor\" data-id=\"5410146\" data-element_type=\"widget\" data-widget_type=\"text-editor.default\">\n\t\t\t\t<div class=\"elementor-widget-container\">\n\t\t\t<style>\/*! elementor - v3.13.3 - 28-05-2023 *\/\n.elementor-widget-text-editor.elementor-drop-cap-view-stacked .elementor-drop-cap{background-color:#69727d;color:#fff}.elementor-widget-text-editor.elementor-drop-cap-view-framed .elementor-drop-cap{color:#69727d;border:3px solid;background-color:transparent}.elementor-widget-text-editor:not(.elementor-drop-cap-view-default) .elementor-drop-cap{margin-top:8px}.elementor-widget-text-editor:not(.elementor-drop-cap-view-default) .elementor-drop-cap-letter{width:1em;height:1em}.elementor-widget-text-editor .elementor-drop-cap{float:left;text-align:center;line-height:1;font-size:50px}.elementor-widget-text-editor .elementor-drop-cap-letter{display:inline-block}<\/style>\t\t\t\t<p><b>1.- Derecho de la informaci\u00f3n<\/b><\/p><p class=\"paragraph_style\">\u00a0<\/p><p><span style=\"font-weight: 400;\">Le informamos que este sitio Web tugrisan.com es propiedad de<\/span><b> Tugrisan SL<\/b><span style=\"font-weight: 400;\">, (en adelante,<\/span><b><i> \u201cLA EMPRESA<\/i><\/b><span style=\"font-weight: 400;\">\u201d), con N.I.F. B46292439 y domicilio social en Senda de les Deu, 4, Pol. Ind. Rafelbunyol, 46138, Rafelbunyol (Valencia).<\/span><\/p><p class=\"paragraph_style\">\u00a0<\/p><p><span style=\"font-weight: 400;\">El acceso y\/o o uso del sitio web le atribuye la condici\u00f3n de Usuario, y acepta, desde dicho acceso y\/o uso, el presente Aviso Legal.<\/span><\/p><p class=\"paragraph_style\">\u00a0<\/p><p><span style=\"font-weight: 400;\">El usuario (en adelante, \u201c<\/span><b>Usuario<\/b><span style=\"font-weight: 400;\">\u201d) puede ponerse en contacto con LA EMPRESA a trav\u00e9s de la siguiente direcci\u00f3n de correo electr\u00f3nico: tgs@tugrisan.com o al n\u00famero de tel\u00e9fono: 961411632<\/span><\/p><p class=\"paragraph_style\">\u00a0<\/p><p><b>2.- Condiciones de uso del sitio web<\/b><\/p><p class=\"paragraph_style\">\u00a0<\/p><p><span style=\"font-weight: 400;\">La responsabilidad del uso del sitio web es asumida por el Usuario. El Sitio Web puede proporcionar acceso a multitud de textos, gr\u00e1ficos, dibujos, dise\u00f1os, fotograf\u00edas, contenidos multimedia, e informaciones (en adelante, \u00ab<\/span><b>Contenidos<\/b><span style=\"font-weight: 400;\">\u00ab) pertenecientes a LA EMPRESA o a terceros a los que el Usuario puede tener acceso.<\/span><\/p><p class=\"paragraph_style\">\u00a0<\/p><p><span style=\"font-weight: 400;\">El Usuario se compromete a hacer un uso adecuado de los Contenidos y Servicios ofrecidos a trav\u00e9s del sitio web y con car\u00e1cter enunciativo, pero no limitativo, a no emplearlos para:<\/span><\/p><p class=\"paragraph_style\"><br \/><b><\/b><\/p><ul><li aria-level=\"1\"><span style=\"font-weight: 400;\">Incurrir en actividades il\u00edcitas, ilegales o contrarias a la buena fe y al orden p\u00fablico.<\/span><\/li><\/ul><p class=\"paragraph_style\"><b><\/b><br \/><b><\/b><\/p><ul><li aria-level=\"1\"><span style=\"font-weight: 400;\">Provocar da\u00f1os en los sistemas f\u00edsicos y l\u00f3gicos del sitio web de LA EMPRESA, de sus proveedores o de terceras personas.<\/span><\/li><\/ul><p class=\"paragraph_style\"><b><\/b><br \/><b><\/b><\/p><ul><li aria-level=\"1\"><span style=\"font-weight: 400;\">Introducir o difundir en la red virus inform\u00e1ticos o cualesquiera otros sistemas f\u00edsicos o l\u00f3gicos que sean susceptibles de provocar los da\u00f1os anteriormente mencionados.<\/span><\/li><\/ul><p class=\"paragraph_style\"><b><\/b><br \/><b><\/b><\/p><ul><li aria-level=\"1\"><span style=\"font-weight: 400;\">Intentar acceder, utilizar y\/o manipular los datos de LA EMPRESA, terceros proveedores y otros usuarios.<\/span><\/li><\/ul><p class=\"paragraph_style\"><b><\/b><br \/><b><\/b><\/p><ul><li aria-level=\"1\"><span style=\"font-weight: 400;\">Reproducir o copiar, distribuir, permitir el acceso del p\u00fablico a trav\u00e9s de cualquier modalidad de comunicaci\u00f3n p\u00fablica, transformar o modificar los Contenidos, a menos que se cuente con la autorizaci\u00f3n de LA EMPRESA.<\/span><\/li><\/ul><p class=\"paragraph_style\"><b><\/b><br \/><b><\/b><\/p><ul><li aria-level=\"1\"><span style=\"font-weight: 400;\">Suprimir, ocultar o manipular los Contenidos sujetos a derechos de propiedad intelectual o industrial y dem\u00e1s datos identificativos de dichos derechos de LA EMPRESA o de terceros incorporados a los Contenidos, as\u00ed como los dispositivos t\u00e9cnicos de protecci\u00f3n o cualesquiera mecanismos de informaci\u00f3n que puedan insertarse en los Contenidos.<\/span><\/li><\/ul><p class=\"paragraph_style\">\u00a0<\/p><p><span style=\"font-weight: 400;\">LA EMPRESA advierte de que el contenido de este sitio web han sido incluidos a mero t\u00edtulo informativo, por lo que resultan insuficientes para tomar decisiones o asumir posiciones en un caso concreto.<\/span><\/p><p class=\"paragraph_style\">\u00a0<\/p><p><span style=\"font-weight: 400;\">El Usuario debe tener en cuenta que los<\/span> <span style=\"font-weight: 400;\">contenidos en este sitio web pudieran no reflejar el estado legislativo o jurisprudencial m\u00e1s reciente sobre las cuestiones analizadas. Asimismo, estos<\/span> <span style=\"font-weight: 400;\">pueden ser modificados, desarrollados o actualizados sin notificaci\u00f3n previa.<\/span><\/p><p class=\"paragraph_style\">\u00a0<\/p><p><span style=\"font-weight: 400;\">LA EMPRESA tendr\u00e1 derecho a investigar y denunciar cualquiera de las conductas mencionadas de acuerdo con la Ley, as\u00ed como a colaborar con las autoridades en la investigaci\u00f3n de dichas actuaciones.<\/span><\/p><p class=\"paragraph_style\">\u00a0<\/p><p><span style=\"font-weight: 400;\">LA EMPRESA podr\u00e1 suspender temporalmente y sin previo aviso, la accesibilidad al sitio web con motivo de operaciones de mantenimiento, reparaci\u00f3n, actualizaci\u00f3n o mejora. No obstante, siempre que las circunstancias lo permitan, LA EMPRESA comunicar\u00e1 al usuario, con antelaci\u00f3n suficiente, la fecha prevista para la suspensi\u00f3n de los Servicios. LA EMPRESA no se responsabiliza del uso que los Usuarios puedan hacer de los Contenidos incluidos en el sitio web.<\/span><\/p><p class=\"paragraph_style\">\u00a0<\/p><p><b>3.- Derechos de Propiedad Intelectual e Industrial<\/b><\/p><p class=\"paragraph_style\">\u00a0<\/p><p><span style=\"font-weight: 400;\">LA EMPRESA tiene la propiedad exclusiva de todos los derechos de propiedad intelectual del Contenido del sitio web y su dise\u00f1o gr\u00e1fico, o bien de un tercero que ha autorizado la utilizaci\u00f3n de estos, por lo que es a LA EMPRESA a quien le corresponde el ejercicio exclusivo de los derechos de explotaci\u00f3n de estos.\u00a0<\/span><\/p><p class=\"paragraph_style\">\u00a0<\/p><p><span style=\"font-weight: 400;\">A t\u00edtulo meramente informativo, se entender\u00e1 por contenido todos aquellos textos, im\u00e1genes, ficheros, fotograf\u00edas, logotipos, gr\u00e1ficos, marcas, iconos, combinaciones de colores, o cualquier otro elemento, su estructura y dise\u00f1o, la selecci\u00f3n y forma de presentaci\u00f3n de los materiales incluidos en la misma, y el software, links y dem\u00e1s contenidos audiovisuales o sonoros, as\u00ed como su dise\u00f1o gr\u00e1fico y c\u00f3digos fuente necesarios para su funcionamiento, acceso y utilizaci\u00f3n.<\/span><\/p><p class=\"paragraph_style\">\u00a0<\/p><p><span style=\"font-weight: 400;\">Por ello y en virtud de lo dispuesto en la legislaci\u00f3n aplicable en materia de Derechos de Propiedad Intelectual e Industrial, LA EMPRESA no concede ninguna licencia o autorizaci\u00f3n de uso de ninguna clase sobre sus derechos de propiedad intelectual e industrial o sobre cualquier otra propiedad o derecho relacionado con el sitio web, los Servicios o los Contenidos de este.<\/span><\/p><p class=\"paragraph_style\">\u00a0<\/p><p><span style=\"font-weight: 400;\">Se permite la reproducci\u00f3n y almacenamiento temporal de los contenidos del sitio web en tanto ello sea estrictamente necesario para el uso y visualizaci\u00f3n del sitio web desde un dispositivo personal.<\/span><\/p><p class=\"paragraph_style\">\u00a0<\/p><p><span style=\"font-weight: 400;\">La legitimidad de los derechos de propiedad intelectual o industrial correspondientes a los Contenidos aportados por los usuarios es responsabilidad exclusiva de los mismos, por lo que el Usuario mantendr\u00e1 indemne a LA EMPRESA de cualquier reclamaci\u00f3n de terceros derivada de la utilizaci\u00f3n il\u00edcita de Contenidos en el sitio web.<\/span><\/p><p class=\"paragraph_style\">\u00a0<\/p><p><b>4.- Responsabilidad y Garant\u00edas<\/b><\/p><p class=\"paragraph_style\">\u00a0<\/p><p><span style=\"font-weight: 400;\">LA EMPRESA declara que ha adoptado las medidas necesarias que, dentro de sus posibilidades y el estado de la tecnolog\u00eda, permitan el correcto funcionamiento de su sitio web, as\u00ed como la ausencia de virus y componentes da\u00f1inos. Sin embargo, LA EMPRESA no se hace responsable de:<\/span><\/p><p class=\"paragraph_style\"><br \/><b><\/b><\/p><ul><li aria-level=\"1\"><span style=\"font-weight: 400;\">La continuidad y disponibilidad de los Contenidos y Servicios.<\/span><\/li><\/ul><p class=\"paragraph_style\"><b><\/b><br \/><b><\/b><\/p><ul><li aria-level=\"1\"><span style=\"font-weight: 400;\">La ausencia de errores en dichos Contenidos ni la correcci\u00f3n de cualquier defecto que pudiera ocurrir.<\/span><\/li><\/ul><p class=\"paragraph_style\"><b><\/b><br \/><b><\/b><\/p><ul><li aria-level=\"1\"><span style=\"font-weight: 400;\">La ausencia de virus y\/o dem\u00e1s componentes da\u00f1inos.<\/span><\/li><\/ul><p class=\"paragraph_style\"><b><\/b><br \/><b><\/b><\/p><ul><li aria-level=\"1\"><span style=\"font-weight: 400;\">Los da\u00f1os o perjuicios que cause cualquier persona que vulnere los sistemas de seguridad de LA EMPRESA.<\/span><\/li><\/ul><p class=\"paragraph_style\">\u00a0<\/p><p><span style=\"font-weight: 400;\">Las aportaciones que se pueden encontrar en estas p\u00e1ginas se han realizado \u00fanicamente a t\u00edtulo informativo. LA EMPRESA no garantiza la integridad, exactitud y actualidad de sus contenidos.\u00a0<\/span><\/p><p class=\"paragraph_style\">\u00a0<\/p><p><span style=\"font-weight: 400;\">Los enlaces que contiene este sitio web pueden conducir al usuario a otros sitios y p\u00e1ginas web gestionados por terceros, sobre los que LA EMPRESA no ejerce ning\u00fan tipo de control. Por ello, LA EMPRESA no responde ni de los contenidos ni del estado de dichos sitios y p\u00e1ginas web, sin que pueda entenderse en ning\u00fan caso que el acceso a las mismas a trav\u00e9s de este sitio web implique una recomendaci\u00f3n o aprobaci\u00f3n de sus contenidos por parte de LA EMPRESA. Tampoco se podr\u00e1 entender que la existencia de hiperenlaces implique una relaci\u00f3n entre ambos sitios Web. Por ello el Usuario accede bajo su exclusiva responsabilidad al Contenido y en las condiciones de uso que rijan en los mismos.<\/span><\/p><p class=\"paragraph_style\"><br \/><br \/><\/p><p><span style=\"font-weight: 400;\">Aquellas personas que se propongan establecer hiperenlaces entre su Sitio Web y este portal deber\u00e1n cumplir las siguientes condiciones:<\/span><\/p><p><span style=\"font-weight: 400;\">\u2013 No ser\u00e1 necesaria autorizaci\u00f3n previa cuando el hiperenlace permita \u00fanicamente el acceso a la p\u00e1gina de inicio, pero no podr\u00e1 reproducirla de ninguna forma. Cualquier otra forma de Hiperenlace requerir\u00e1 la autorizaci\u00f3n por escrito por parte de\u00a0LA EMPRESA.<\/span><\/p><p><span style=\"font-weight: 400;\">\u2013 No se realizar\u00e1n manifestaciones falsas u ofensivas sobre\u00a0LA EMPRESA, personal ni terceros relacionados con este sitio Web ni de los Contenidos suministrados.<\/span><\/p><p><span style=\"font-weight: 400;\">\u2013 Bajo ning\u00fan concepto se mencionar\u00e1 ni insinuar\u00e1 que ha supervisado ni ha autorizado el hiperenlace puesto a disposici\u00f3n de la p\u00e1gina Web a la que redirecciona el hiperenlace. S\u00f3lo podr\u00e1 contener lo estrictamente necesario para identificar el destino del hiperenlace.<\/span><\/p><p><span style=\"font-weight: 400;\">\u2013 El sitio Web en la que se establezca el Hiperenlace no contendr\u00e1 informaciones o contenidos il\u00edcitos, contrarios a la \u00e9tica y moral y al orden p\u00fablico, ni contendr\u00e1 contenidos contrarios a cualesquiera derechos de terceros.<\/span><\/p><p><span style=\"font-weight: 400;\">\u2013 En el supuesto de que el Usuario considere que existe un sitio Web enlazado cuyos contenidos son il\u00edcitos, nocivos, denigrantes o violentos se obliga a comunicarlo a o trav\u00e9s de cuenta de correo tgs@tugrisan.com o bien por los cauces legales.\u00a0<\/span><\/p><p class=\"paragraph_style\"><br \/><br \/><\/p><p><b>\u00a05.- Duraci\u00f3n y modificaci\u00f3n<\/b><\/p><p class=\"paragraph_style\">\u00a0<\/p><p><span style=\"font-weight: 400;\">Este Aviso Legal tiene una vigencia indefinida, reserv\u00e1ndose el derecho, LA EMPRESA, de efectuar cambios sobre las condiciones especificadas en el mismo de forma unilateral, las cuales entrar\u00e1n en vigor desde el momento de su publicaci\u00f3n.<\/span><\/p><p class=\"paragraph_style\">\u00a0<\/p><p><span style=\"font-weight: 400;\">LA EMPRESA podr\u00e1 suprimir, a\u00f1adir o cambiar tanto los Contenidos como los Servicios que presta, as\u00ed como tambi\u00e9n la forma en la que los mismos aparezcan localizados o presentados. Se entienden como vigentes, las condiciones que est\u00e9n publicadas en el momento en el que el Usuario acceda al sitio web de LA EMPRESA.<\/span><\/p><p class=\"paragraph_style\">\u00a0<\/p><p><span style=\"font-weight: 400;\">El acceso y\/o el uso del sitio web se entender\u00e1 como una aceptaci\u00f3n por parte del Usuario del presente Aviso Legal y sus condiciones y, en su caso, los cambios efectuados en las mismas.<\/span><\/p><p class=\"paragraph_style\">\u00a0<\/p><p><b>6.- Legislaci\u00f3n y jurisdicci\u00f3n aplicables<\/b><\/p><p class=\"paragraph_style\">\u00a0<\/p><p><span style=\"font-weight: 400;\">La lengua de contrataci\u00f3n es el espa\u00f1ol.<\/span><\/p><p><span style=\"font-weight: 400;\">Las presentes condiciones generales se interpretar\u00e1n conforme a la legislaci\u00f3n vigente en Espa\u00f1a, que se aplicar\u00e1 subsidiariamente en todo lo que no se haya previsto en las mismas.<\/span><\/p><p><span style=\"font-weight: 400;\">Ambas partes (Usuario y LA EMPRESA), con renuncia expresa a cualquier otro fuero que pudiera corresponderles (inclusive aquellos usuarios que se conecten desde cualquier otro pa\u00eds de la Comunidad Europea as\u00ed como terceros pa\u00edses), se someten a la Jurisdicci\u00f3n de los Juzgados y Tribunales de (Provincia Empresa), para cuantas cuestiones pudieran suscitarse o acciones ejercitarse derivadas de la prestaci\u00f3n del servicio del sitio Web y de sus servicios y contenidos y sobre la interpretaci\u00f3n, aplicaci\u00f3n, cumplimiento o incumplimiento de lo aqu\u00ed establecido.<\/span><\/p>\t\t\t\t\t\t<\/div>\n\t\t\t\t<\/div>\n\t\t\t\t\t<\/div>\n\t\t<\/div>\n\t\t\t\t\t\t\t<\/div>\n\t\t<\/section>\n\t\t\t\t\t\t\t<\/div>","protected":false},"excerpt":{"rendered":"<p>aviso legal 1.- Derecho de la informaci\u00f3n \u00a0 Le informamos que este sitio Web tugrisan.com es propiedad de Tugrisan SL, (en adelante, \u201cLA EMPRESA\u201d), con N.I.F. B46292439 y domicilio social en Senda de les Deu, 4, Pol. Ind. Rafelbunyol, 46138, Rafelbunyol (Valencia). \u00a0 El acceso y\/o o uso del sitio web le atribuye la condici\u00f3n [&hellip;]<\/p>","protected":false},"author":1,"featured_media":0,"parent":0,"menu_order":0,"comment_status":"closed","ping_status":"closed","template":"","meta":{"footnotes":""},"_links":{"self":[{"href":"https:\/\/tugrisan.es\/en\/wp-json\/wp\/v2\/pages\/643"}],"collection":[{"href":"https:\/\/tugrisan.es\/en\/wp-json\/wp\/v2\/pages"}],"about":[{"href":"https:\/\/tugrisan.es\/en\/wp-json\/wp\/v2\/types\/page"}],"author":[{"embeddable":true,"href":"https:\/\/tugrisan.es\/en\/wp-json\/wp\/v2\/users\/1"}],"replies":[{"embeddable":true,"href":"https:\/\/tugrisan.es\/en\/wp-json\/wp\/v2\/comments?post=643"}],"version-history":[{"count":13,"href":"https:\/\/tugrisan.es\/en\/wp-json\/wp\/v2\/pages\/643\/revisions"}],"predecessor-version":[{"id":1367,"href":"https:\/\/tugrisan.es\/en\/wp-json\/wp\/v2\/pages\/643\/revisions\/1367"}],"wp:attachment":[{"href":"https:\/\/tugrisan.es\/en\/wp-json\/wp\/v2\/media?parent=643"}],"curies":[{"name":"wp","href":"https:\/\/api.w.org\/{rel}","templated":true}]}}