{"id":1368,"date":"2023-10-03T20:47:24","date_gmt":"2023-10-03T20:47:24","guid":{"rendered":"https:\/\/tugrisan.es\/?page_id=1368"},"modified":"2023-10-03T21:12:02","modified_gmt":"2023-10-03T21:12:02","slug":"politica-de-cookies","status":"publish","type":"page","link":"https:\/\/tugrisan.es\/en\/politica-de-cookies\/","title":{"rendered":"Pol\u00edtica de cookies"},"content":{"rendered":"<div data-elementor-type=\"wp-page\" data-elementor-id=\"1368\" class=\"elementor elementor-1368\">\n\t\t\t\t\t\t\t\t\t<section class=\"elementor-section elementor-top-section elementor-element elementor-element-87da105 elementor-section-height-min-height elementor-section-boxed elementor-section-height-default elementor-section-items-middle\" data-id=\"87da105\" data-element_type=\"section\" data-settings=\"{&quot;background_background&quot;:&quot;gradient&quot;}\">\n\t\t\t\t\t\t<div class=\"elementor-container elementor-column-gap-default\">\n\t\t\t\t\t<div class=\"elementor-column elementor-col-100 elementor-top-column elementor-element elementor-element-2728387\" data-id=\"2728387\" data-element_type=\"column\">\n\t\t\t<div class=\"elementor-widget-wrap elementor-element-populated\">\n\t\t\t\t\t\t\t\t<div class=\"elementor-element elementor-element-c8bfa6d elementor-widget elementor-widget-heading\" data-id=\"c8bfa6d\" data-element_type=\"widget\" data-widget_type=\"heading.default\">\n\t\t\t\t<div class=\"elementor-widget-container\">\n\t\t\t<style>\/*! elementor - v3.13.3 - 28-05-2023 *\/\n.elementor-heading-title{padding:0;margin:0;line-height:1}.elementor-widget-heading .elementor-heading-title[class*=elementor-size-]>a{color:inherit;font-size:inherit;line-height:inherit}.elementor-widget-heading .elementor-heading-title.elementor-size-small{font-size:15px}.elementor-widget-heading .elementor-heading-title.elementor-size-medium{font-size:19px}.elementor-widget-heading .elementor-heading-title.elementor-size-large{font-size:29px}.elementor-widget-heading .elementor-heading-title.elementor-size-xl{font-size:39px}.elementor-widget-heading .elementor-heading-title.elementor-size-xxl{font-size:59px}<\/style><h1 class=\"elementor-heading-title elementor-size-default\">Pol\u00edtica de cookies<\/h1>\t\t<\/div>\n\t\t\t\t<\/div>\n\t\t\t\t\t<\/div>\n\t\t<\/div>\n\t\t\t\t\t\t\t<\/div>\n\t\t<\/section>\n\t\t\t\t<section class=\"elementor-section elementor-top-section elementor-element elementor-element-9961ab4 elementor-section-boxed elementor-section-height-default elementor-section-height-default\" data-id=\"9961ab4\" data-element_type=\"section\">\n\t\t\t\t\t\t<div class=\"elementor-container elementor-column-gap-default\">\n\t\t\t\t\t<div class=\"elementor-column elementor-col-100 elementor-top-column elementor-element elementor-element-6a657c0\" data-id=\"6a657c0\" data-element_type=\"column\">\n\t\t\t<div class=\"elementor-widget-wrap elementor-element-populated\">\n\t\t\t\t\t\t\t\t<div class=\"elementor-element elementor-element-e61a442 elementor-widget elementor-widget-text-editor\" data-id=\"e61a442\" data-element_type=\"widget\" data-widget_type=\"text-editor.default\">\n\t\t\t\t<div class=\"elementor-widget-container\">\n\t\t\t<style>\/*! elementor - v3.13.3 - 28-05-2023 *\/\n.elementor-widget-text-editor.elementor-drop-cap-view-stacked .elementor-drop-cap{background-color:#69727d;color:#fff}.elementor-widget-text-editor.elementor-drop-cap-view-framed .elementor-drop-cap{color:#69727d;border:3px solid;background-color:transparent}.elementor-widget-text-editor:not(.elementor-drop-cap-view-default) .elementor-drop-cap{margin-top:8px}.elementor-widget-text-editor:not(.elementor-drop-cap-view-default) .elementor-drop-cap-letter{width:1em;height:1em}.elementor-widget-text-editor .elementor-drop-cap{float:left;text-align:center;line-height:1;font-size:50px}.elementor-widget-text-editor .elementor-drop-cap-letter{display:inline-block}<\/style>\t\t\t\t<p>\u00a0<\/p><p><span style=\"font-weight: 400;\">Tugrisan SL, (en adelante, el \u201c<\/span><b>LA EMPRESA<\/b><span style=\"font-weight: 400;\">\u201d) informa, acerca de la utilizaci\u00f3n de dispositivos de almacenamiento y recuperaci\u00f3n de datos en equipos terminales de los Usuarios.<\/span><\/p><p>\u00a0<\/p><p><b>1.- \u00bfQu\u00e9 son las cookies?<\/b><\/p><p>\u00a0<\/p><p><span style=\"font-weight: 400;\">Las cookies son ficheros que se descargan en su ordenador al acceder a determinadas p\u00e1ginas web. Las cookies permiten a una p\u00e1gina web, entre otras cosas, almacenar y recuperar informaci\u00f3n sobre los h\u00e1bitos de navegaci\u00f3n de un usuario o de su equipo y, dependiendo de la informaci\u00f3n que contengan y de la forma en que utilice su equipo, pueden utilizarse para reconocer al usuario.<\/span><\/p><p><span style=\"font-weight: 400;\">La informaci\u00f3n recogida por las cookies es an\u00f3nima y no contiene ninguna informaci\u00f3n sensible ya que no recogen datos que puedan identificar personalmente al Usuario. En cualquier caso, el Usuario podr\u00e1 acceder a la configuraci\u00f3n de su navegador para modificar y\/o bloquear la instalaci\u00f3n de las Cookies enviadas desde el Sitio Web, sin que ello impida al acceso a los contenidos.<\/span><\/p><p>\u00a0<\/p><p><b>2.- \u00bfPara qu\u00e9 utiliza LA EMPRESA las cookies?<\/b><\/p><p>\u00a0<\/p><p><span style=\"font-weight: 400;\">De conformidad con la Ley 34\/2002, de 11 de julio, de servicios de la sociedad de la informaci\u00f3n y de comercio electr\u00f3nico (en adelante, \u201c<\/span><b><i>LSSI<\/i><\/b><span style=\"font-weight: 400;\">\u201d), el presente Sitio Web utiliza cookies u otros dispositivos de almacenamiento y recuperaci\u00f3n de informaci\u00f3n para realizar un seguimiento de las interacciones de los Usuarios con los servicios ofrecidos en el Sitio Web.<\/span><\/p><p>\u00a0<\/p><p><span style=\"font-weight: 400;\">Las\u00a0cookies\u00a0permiten reconocer el navegador de un Usuario, as\u00ed como el tipo de dispositivo desde el que se accede al sitio web y se utilizan para facilitar la pr\u00f3xima visita del Usuario y hacer que el sitio web le resulte m\u00e1s \u00fatil.\u00a0<\/span><\/p><p>\u00a0<\/p><p><span style=\"font-weight: 400;\">LA EMPRESA utiliza las cookies para:<\/span><\/p><p>\u00a0<\/p><ol><li style=\"font-weight: 400;\" aria-level=\"1\"><span style=\"font-weight: 400;\">Optimizar la navegaci\u00f3n del Usuario mediante el seguimiento de la sesi\u00f3n.<\/span><\/li><\/ol><p>\u00a0<\/p><ol><li style=\"font-weight: 400;\" aria-level=\"1\"><span style=\"font-weight: 400;\">Recopilar informaci\u00f3n para optimizar la navegaci\u00f3n y mejorar el sitio web.<\/span><\/li><\/ol><p>\u00a0<\/p><p><span style=\"font-weight: 400;\">El sitio web utiliza los siguientes tipos de cookies:<\/span><\/p><ul><li style=\"font-weight: 400;\" aria-level=\"1\"><b>Cookies obligatorias: <\/b><span style=\"font-weight: 400;\">Son estrictamente necesarias para prestar un servicio o contenido solicitado por el usuario ya que se encargan de aspectos t\u00e9cnicos como identificar registros y gestionar preferencias de herramientas en el uso, interacci\u00f3n y localizaci\u00f3n del acceso a los contenidos.<\/span><\/li><\/ul><p>\u00a0<\/p><table><tbody><tr><td><p><b>Nombre<\/b><\/p><\/td><td><p><b>Finalidad<\/b><\/p><\/td><td><p><b>Caducidad<\/b><\/p><\/td><td><p><b>Proveedor<\/b><\/p><\/td><\/tr><tr><td>\u00a0<\/td><td>\u00a0<\/td><td>\u00a0<\/td><td>\u00a0<\/td><\/tr><tr><td>\u00a0<\/td><td>\u00a0<\/td><td>\u00a0<\/td><td>\u00a0<\/td><\/tr><tr><td>\u00a0<\/td><td>\u00a0<\/td><td>\u00a0<\/td><td>\u00a0<\/td><\/tr><\/tbody><\/table><p>\u00a0<\/p><ul><li style=\"font-weight: 400;\" aria-level=\"1\"><b>Cookies funcionales:<\/b><span style=\"font-weight: 400;\"> Las cookies funcionales dan al usuario informaci\u00f3n que enriquece la experiencia de navegaci\u00f3n como, por ejemplo, mostrar el pron\u00f3stico del tiempo basado en su ubicaci\u00f3n.<\/span><\/li><\/ul><p>\u00a0<\/p><table><tbody><tr><td><p><b>Nombre<\/b><\/p><\/td><td><p><b>Finalidad<\/b><\/p><\/td><td><p><b>Caducidad<\/b><\/p><\/td><td><p><b>Proveedor<\/b><\/p><\/td><\/tr><tr><td>\u00a0<\/td><td>\u00a0<\/td><td>\u00a0<\/td><td>\u00a0<\/td><\/tr><tr><td>\u00a0<\/td><td>\u00a0<\/td><td>\u00a0<\/td><td>\u00a0<\/td><\/tr><tr><td>\u00a0<\/td><td>\u00a0<\/td><td>\u00a0<\/td><td>\u00a0<\/td><\/tr><\/tbody><\/table><p>\u00a0<\/p><ul><li style=\"font-weight: 400;\" aria-level=\"1\"><b>Estad\u00edsticas\/anal\u00edticas:<\/b><span style=\"font-weight: 400;\"> Recogen informaci\u00f3n relativa al uso de la p\u00e1gina (permanencia en p\u00e1gina, contenidos visitados por los lectores para medir su rendimiento y mejorar la navegaci\u00f3n).<\/span><\/li><\/ul><p>\u00a0<\/p><p><span style=\"font-weight: 400;\">Los objetivos principales que se persiguen con este tipo de cookies son:<\/span><\/p><ul><li style=\"font-weight: 400;\" aria-level=\"1\"><span style=\"font-weight: 400;\">Permitir la identificaci\u00f3n an\u00f3nima de los Usuarios navegantes y por lo tanto la contabilizaci\u00f3n aproximada del n\u00famero de visitantes.<\/span><\/li><li style=\"font-weight: 400;\" aria-level=\"1\"><span style=\"font-weight: 400;\">Identificar de forma an\u00f3nima los contenidos m\u00e1s visitados.<\/span><\/li><li style=\"font-weight: 400;\" aria-level=\"1\"><span style=\"font-weight: 400;\">Saber si el Usuario que est\u00e1 accediendo es nuevo o repite visita.\u00a0<\/span><\/li><\/ul><p>\u00a0<\/p><p><span style=\"font-weight: 400;\">A continuaci\u00f3n, se detallan las cookies anal\u00edticas que se utilizan en el sitio web <\/span><span style=\"font-weight: 400;\">(a modo de ejemplo)<\/span><\/p><p>\u00a0<\/p><table><tbody><tr><td><p><b>Nombre<\/b><\/p><\/td><td><p><b>Finalidad<\/b><\/p><\/td><td><p><b>Caducidad<\/b><\/p><\/td><td><p><b>Proveedor<\/b><\/p><\/td><\/tr><tr><td><p><b>_ga<\/b><\/p><\/td><td><p><span style=\"font-weight: 400;\">Esta Cookie se usa para distinguir a los usuarios<\/span><\/p><\/td><td><p><span style=\"font-weight: 400;\">2 a\u00f1os<\/span><\/p><\/td><td><p><span style=\"font-weight: 400;\">Google Analytics<\/span><\/p><\/td><\/tr><tr><td><p><b>_gat<\/b><\/p><\/td><td><p><span style=\"font-weight: 400;\">Esta Cookie se usa para limitar el porcentaje de solicitudes.<\/span><\/p><\/td><td><p><span style=\"font-weight: 400;\">1 minuto<\/span><\/p><\/td><td><p><span style=\"font-weight: 400;\">Google Analytics<\/span><\/p><\/td><\/tr><tr><td><p><b>_gid<\/b><\/p><\/td><td><p><span style=\"font-weight: 400;\">Esta Cookie se usa para distinguir a los usuarios<\/span><\/p><\/td><td><p><span style=\"font-weight: 400;\">24 horas<\/span><\/p><\/td><td><p><span style=\"font-weight: 400;\">Google Analytics<\/span><\/p><\/td><\/tr><\/tbody><\/table><p><br \/><br \/><\/p><p><b>3.- \u00bfC\u00f3mo deshabilitar las cookies?<\/b><\/p><p>\u00a0<\/p><p><span style=\"font-weight: 400;\">Se pueden deshabilitar en la configuraci\u00f3n del sitio web las cookies que no sean de car\u00e1cter obligatorio para la navegaci\u00f3n del presente sitio web. Estos ajustes se encuentran en el pie de p\u00e1gina del sitio web. Cabe a\u00f1adir que los navegadores permiten hacer cambios para desactivar la configuraci\u00f3n de las cookies. Asimismo, con el fin de obtener un control m\u00e1s preciso sobre la privacidad, ofrecen la posibilidad de administrar las cookies mediante las \u201copciones\u201d o \u201cpreferencias\u201d del men\u00fa del navegador.<\/span><\/p><p>\u00a0<\/p><p><span style=\"font-weight: 400;\">Estos son los links de cada navegador para deshabilitar las cookies siguiendo las instrucciones:<\/span><\/p><p>\u00a0<\/p><table><tbody><tr><td>\u00a0<\/td><td><p><b>Chrome<\/b><\/p><\/td><td><p><a href=\"https:\/\/support.google.com\/chrome\/bin\/answer.py?hl=es&amp;answer=95647\" rel=\"nofollow noopener\" target=\"_blank\"><span style=\"font-weight: 400;\">https:\/\/support.google.com\/chrome\/bin\/answer.py?hl=es&amp;answer=95647<\/span><\/a><\/p><\/td><\/tr><tr><td>\u00a0<\/td><td><p><b>Safari<\/b><\/p><\/td><td><p><a href=\"https:\/\/support.apple.com\/kb\/ph5042\" rel=\"nofollow noopener\" target=\"_blank\"><span style=\"font-weight: 400;\">https:\/\/support.apple.com\/kb\/ph5042<\/span><\/a><\/p><\/td><\/tr><tr><td>\u00a0<\/td><td><p><b>Explorer<\/b><\/p><\/td><td><p><a href=\"https:\/\/support.microsoft.com\/es-es\/windows\/eliminar-y-administrar-cookies-168dab11-0753-043d-7c16-ede5947fc64d\" rel=\"nofollow noopener\" target=\"_blank\"><span style=\"font-weight: 400;\">https:\/\/support.microsoft.com\/es-es\/windows\/eliminar-y-administrar-cookies-168dab11-0753-043d-7c16-ede5947fc64d<\/span><\/a><span style=\"font-weight: 400;\">\u00a0<\/span><\/p><\/td><\/tr><tr><td>\u00a0<\/td><td><p><b>Firefox<\/b><\/p><\/td><td><p><a href=\"https:\/\/support.mozilla.org\/es\/kb\/habilitar-y-deshabilitar-cookies-que-los-sitios-we\" rel=\"nofollow noopener\" target=\"_blank\"><span style=\"font-weight: 400;\">https:\/\/support.mozilla.org\/es\/kb\/habilitar-y-deshabilitar-cookies-que-los-sitios-we<\/span><\/a><\/p><\/td><\/tr><\/tbody><\/table><p><br \/><br \/><\/p><p><b>4.- Cookies en los dispositivos m\u00f3viles<\/b><\/p><p>\u00a0<\/p><p><span style=\"font-weight: 400;\">Las cookies u otros dispositivos de almacenamiento en dispositivos m\u00f3viles tambi\u00e9n son utilizadas por LA EMPRESA propiedad del sitio web.\u00a0<\/span><\/p><p>\u00a0<\/p><p><span style=\"font-weight: 400;\">Aquellas cookies que no sean obligatorias para la navegaci\u00f3n del presente sitio web pueden ser deshabilitadas en la configuraci\u00f3n del sitio web.<\/span><\/p><p>\u00a0<\/p><p><span style=\"font-weight: 400;\">Estos ajustes se encuentran en el pie de p\u00e1gina del sitio web. Adem\u00e1s, al igual que sucede en los navegadores de ordenadores, lo navegadores de los dispositivos m\u00f3viles permiten realizar cambios en las opciones o ajustes de privacidad para desactivar o eliminar las cookies.<\/span><\/p><p>\u00a0<\/p><p><span style=\"font-weight: 400;\">Si desea modificar las opciones de privacidad siga las instrucciones especificadas por el desarrollador de su navegador para dispositivo m\u00f3vil.<\/span><\/p><p>\u00a0<\/p><p><span style=\"font-weight: 400;\">A continuaci\u00f3n, podr\u00e1 encontrar algunos ejemplos de los links que le guiar\u00e1n para modificar las opciones de privacidad en su dispositivo m\u00f3vil:<\/span><\/p><p><br \/><b><\/b><\/p><ul><li aria-level=\"1\"><b>IOS<\/b><span style=\"font-weight: 400;\">: (<\/span><a href=\"http:\/\/goo.gl\/61xevS\" rel=\"nofollow noopener\" target=\"_blank\"><span style=\"font-weight: 400;\">http:\/\/goo.gl\/61xevS<\/span><\/a><span style=\"font-weight: 400;\">)<\/span><\/li><\/ul><ul><li aria-level=\"1\"><b>Windows Phone<\/b><span style=\"font-weight: 400;\">: (<\/span><a href=\"https:\/\/goo.gl\/tKyb0y\" rel=\"nofollow noopener\" target=\"_blank\"><span style=\"font-weight: 400;\">https:\/\/goo.gl\/tKyb0y<\/span><\/a><span style=\"font-weight: 400;\">)\u00a0\u00a0<\/span><\/li><\/ul><ul><li aria-level=\"1\"><b>Chrome Mobile<\/b><span style=\"font-weight: 400;\">: (<\/span><a href=\"http:\/\/goo.gl\/XJp7N\" rel=\"nofollow noopener\" target=\"_blank\"><span style=\"font-weight: 400;\">http:\/\/goo.gl\/XJp7N<\/span><\/a><span style=\"font-weight: 400;\">)\u00a0<\/span><\/li><\/ul><ul><li aria-level=\"1\"><b>Opera Mobile<\/b><span style=\"font-weight: 400;\">: (<\/span><a href=\"http:\/\/goo.gl\/Nzr8s7)\" rel=\"nofollow noopener\" target=\"_blank\"><span style=\"font-weight: 400;\">http:\/\/goo.gl\/Nzr8s7)<\/span><\/a><\/li><\/ul><p>\u00a0<\/p><p><b>5.- Aceptaci\u00f3n de cookies<\/b><\/p><p>\u00a0<\/p><p><span style=\"font-weight: 400;\">El presente sitio web no instala nuestras cookies en los dispositivos de los usuarios hasta que estos hayan aceptado la instalaci\u00f3n de \u00e9stas.<\/span><\/p><p>\u00a0<\/p><p><span style=\"font-weight: 400;\">Le informamos que en el caso de no aceptar la instalaci\u00f3n de cookies o de deshabilitar alguna de estas en la configuraci\u00f3n, es posible que ciertos servicios no est\u00e9n disponibles sin la utilizaci\u00f3n de estas o que no pueda acceder a determinados servicios ni tampoco aprovechar por completo todo lo que este sitio web le ofrece.<\/span><\/p><p>\u00a0<\/p><p><b>6.- Comunicaci\u00f3n de actividades de car\u00e1cter il\u00edcito e inadecuado<\/b><\/p><p><span style=\"font-weight: 400;\">En caso de que cualquier usuario del sitio web tuviera conocimiento sobre los links que remiten a p\u00e1ginas cuyos contenidos de las cuales o servicios son il\u00edcitos, nocivos, denigrantes, violentos o contrarios a la moral podr\u00e1 ponerse en contacto con nosotros mediante correo electr\u00f3nico A tgs@tugrisan.com,\u00a0\u00a0indicando los siguientes datos: Datos personales del comunicante: nombre, direcci\u00f3n, n\u00famero de tel\u00e9fono y direcci\u00f3n electr\u00f3nica; Descripci\u00f3n de los hechos que revelan el car\u00e1cter il\u00edcito o inadecuado del hiperenlace; en el supuesto de violaci\u00f3n de derechos, tales como la propiedad intelectual e industrial, los datos personales del titular del derecho infringido, cuando sea persona distinta del comunicante. Asimismo, deber\u00e1 aportar el t\u00edtulo que acredite la legitimaci\u00f3n del titular de los derechos y, en su caso, el de representaci\u00f3n para actuar por cuenta del titular cuando sea persona distinta del comunicante; La recepci\u00f3n por parte de\u00a0\u00a0la comunicaci\u00f3n prevista en esta cl\u00e1usula no supondr\u00e1, seg\u00fan lo dispuesto en la Ley 34\/2002 de 11 de julio, de servicios de sociedad de la informaci\u00f3n y de comercio electr\u00f3nico, el conocimiento efectivo de las actividades y \/ o contenidos indicados por el comunicante.<\/span><\/p>\t\t\t\t\t\t<\/div>\n\t\t\t\t<\/div>\n\t\t\t\t\t<\/div>\n\t\t<\/div>\n\t\t\t\t\t\t\t<\/div>\n\t\t<\/section>\n\t\t\t\t\t\t\t<\/div>","protected":false},"excerpt":{"rendered":"<p>Pol\u00edtica de cookies \u00a0 Tugrisan SL, (en adelante, el \u201cLA EMPRESA\u201d) informa, acerca de la utilizaci\u00f3n de dispositivos de almacenamiento y recuperaci\u00f3n de datos en equipos terminales de los Usuarios. \u00a0 1.- \u00bfQu\u00e9 son las cookies? \u00a0 Las cookies son ficheros que se descargan en su ordenador al acceder a determinadas p\u00e1ginas web. Las cookies [&hellip;]<\/p>","protected":false},"author":2,"featured_media":0,"parent":0,"menu_order":0,"comment_status":"closed","ping_status":"closed","template":"","meta":{"footnotes":""},"_links":{"self":[{"href":"https:\/\/tugrisan.es\/en\/wp-json\/wp\/v2\/pages\/1368"}],"collection":[{"href":"https:\/\/tugrisan.es\/en\/wp-json\/wp\/v2\/pages"}],"about":[{"href":"https:\/\/tugrisan.es\/en\/wp-json\/wp\/v2\/types\/page"}],"author":[{"embeddable":true,"href":"https:\/\/tugrisan.es\/en\/wp-json\/wp\/v2\/users\/2"}],"replies":[{"embeddable":true,"href":"https:\/\/tugrisan.es\/en\/wp-json\/wp\/v2\/comments?post=1368"}],"version-history":[{"count":13,"href":"https:\/\/tugrisan.es\/en\/wp-json\/wp\/v2\/pages\/1368\/revisions"}],"predecessor-version":[{"id":1382,"href":"https:\/\/tugrisan.es\/en\/wp-json\/wp\/v2\/pages\/1368\/revisions\/1382"}],"wp:attachment":[{"href":"https:\/\/tugrisan.es\/en\/wp-json\/wp\/v2\/media?parent=1368"}],"curies":[{"name":"wp","href":"https:\/\/api.w.org\/{rel}","templated":true}]}}